{"id":2373,"date":"2021-03-13T14:22:20","date_gmt":"2021-03-13T14:22:20","guid":{"rendered":"http:\/\/papermarket.be\/?post_type=product&#038;p=2373"},"modified":"2021-03-13T15:26:17","modified_gmt":"2021-03-13T15:26:17","slug":"papier-a4-80gr-kopie","status":"publish","type":"product","link":"https:\/\/papermarket.be\/fr\/produit\/papier-a4-80gr-kopie\/","title":{"rendered":"Papier A4 &#8211; 80Gr"},"content":{"rendered":"","protected":false},"excerpt":{"rendered":"<p>Notre A4 papier est specialement adapt\u00e9 pour copiers et imprimante laser mais donne ausi des imprimants sup\u00e9rieures aux imprimantes \u00e0 jet d&rsquo;encre.<br \/>\n500 papier\/paquet<\/p>\n","protected":false},"featured_media":2080,"comment_status":"closed","ping_status":"closed","template":"","meta":{"_acf_changed":false},"product_brand":[],"product_cat":[69],"product_tag":[],"class_list":{"0":"post-2373","1":"product","2":"type-product","3":"status-publish","4":"has-post-thumbnail","6":"product_cat-a4-papier-fr","8":"first","9":"instock","10":"featured","11":"taxable","12":"shipping-taxable","13":"purchasable","14":"product-type-simple"},"acf":[],"jetpack_sharing_enabled":true,"tiered_pricing_type":"fixed","tiered_pricing_fixed_rules":[],"tiered_pricing_product_settings":{"layout":"default","base_unit_name":{"singular":null,"plural":null},"default_variation":null},"tiered_pricing_minimum_quantity":null,"tiered_pricing_roles_data":[],"tiered_pricing_percentage_rules":[],"_links":{"self":[{"href":"https:\/\/papermarket.be\/fr\/wp-json\/wp\/v2\/product\/2373","targetHints":{"allow":["GET"]}}],"collection":[{"href":"https:\/\/papermarket.be\/fr\/wp-json\/wp\/v2\/product"}],"about":[{"href":"https:\/\/papermarket.be\/fr\/wp-json\/wp\/v2\/types\/product"}],"replies":[{"embeddable":true,"href":"https:\/\/papermarket.be\/fr\/wp-json\/wp\/v2\/comments?post=2373"}],"wp:featuredmedia":[{"embeddable":true,"href":"https:\/\/papermarket.be\/fr\/wp-json\/wp\/v2\/media\/2080"}],"wp:attachment":[{"href":"https:\/\/papermarket.be\/fr\/wp-json\/wp\/v2\/media?parent=2373"}],"wp:term":[{"taxonomy":"product_brand","embeddable":true,"href":"https:\/\/papermarket.be\/fr\/wp-json\/wp\/v2\/product_brand?post=2373"},{"taxonomy":"product_cat","embeddable":true,"href":"https:\/\/papermarket.be\/fr\/wp-json\/wp\/v2\/product_cat?post=2373"},{"taxonomy":"product_tag","embeddable":true,"href":"https:\/\/papermarket.be\/fr\/wp-json\/wp\/v2\/product_tag?post=2373"}],"curies":[{"name":"wp","href":"https:\/\/api.w.org\/{rel}","templated":true}]}}