{"id":1816,"date":"2021-01-23T14:52:31","date_gmt":"2021-01-23T14:52:31","guid":{"rendered":"http:\/\/papermarket.be\/?post_type=product&#038;p=1816"},"modified":"2021-02-05T13:48:30","modified_gmt":"2021-02-05T13:48:30","slug":"masques-jetables-3-plis","status":"publish","type":"product","link":"https:\/\/papermarket.be\/fr\/produit\/masques-jetables-3-plis\/","title":{"rendered":"Masques Jetables 3 Plis"},"content":{"rendered":"","protected":false},"excerpt":{"rendered":"<p>Ces masques jetables \u00e0 3 couches sont utilis\u00e9s pour r\u00e9duire le risque de propagation des infections. Les masques offrent une protection suppl\u00e9mentaire seulement s&rsquo;ils sont utilis\u00e9s correctement et si les pr\u00e9cautions n\u00e9cessaires sont appliqu\u00e9es sans rel\u00e2che.<\/p>\n<ul>\n<li>Dimensions : 17,2 x 9,5 cm.<\/li>\n<li>Premi\u00e8re couche : non-tiss\u00e9 20g.<\/li>\n<li>Deuxi\u00e8me couche : filtre 25g de membrane souffl\u00e9e par fusion.<\/li>\n<li>Troisi\u00e8me couche : tissu non tiss\u00e9.<\/li>\n<li>Haute efficacit\u00e9 de filtration.<\/li>\n<li>Filtration bact\u00e9rienne : 99 %.<\/li>\n<li>Pont de nez int\u00e9gr\u00e9.<\/li>\n<li>Non st\u00e9rile.<\/li>\n<\/ul>\n<p>\u00e0 partir de 1 boite : \u20ac0,30 par masque<br \/>\n\u00e0 partir de 2 boites : \u20ac0,27 par masque<br \/>\n\u00e0 partir de 4 boites : \u20ac0,22 par masque<\/p>\n","protected":false},"featured_media":1850,"comment_status":"closed","ping_status":"closed","template":"","meta":{"_acf_changed":false},"product_brand":[],"product_cat":[125],"product_tag":[],"class_list":{"0":"post-1816","1":"product","2":"type-product","3":"status-publish","4":"has-post-thumbnail","6":"product_cat-masques-buccaux-fr","8":"first","9":"instock","10":"featured","11":"taxable","12":"shipping-taxable","13":"purchasable","14":"product-type-simple"},"acf":[],"jetpack_sharing_enabled":true,"tiered_pricing_type":"fixed","tiered_pricing_fixed_rules":{"2":13.5,"4":11},"tiered_pricing_product_settings":{"layout":"default","base_unit_name":{"singular":null,"plural":null},"default_variation":null},"tiered_pricing_minimum_quantity":null,"tiered_pricing_roles_data":[],"tiered_pricing_percentage_rules":[],"_links":{"self":[{"href":"https:\/\/papermarket.be\/fr\/wp-json\/wp\/v2\/product\/1816","targetHints":{"allow":["GET"]}}],"collection":[{"href":"https:\/\/papermarket.be\/fr\/wp-json\/wp\/v2\/product"}],"about":[{"href":"https:\/\/papermarket.be\/fr\/wp-json\/wp\/v2\/types\/product"}],"replies":[{"embeddable":true,"href":"https:\/\/papermarket.be\/fr\/wp-json\/wp\/v2\/comments?post=1816"}],"wp:featuredmedia":[{"embeddable":true,"href":"https:\/\/papermarket.be\/fr\/wp-json\/wp\/v2\/media\/1850"}],"wp:attachment":[{"href":"https:\/\/papermarket.be\/fr\/wp-json\/wp\/v2\/media?parent=1816"}],"wp:term":[{"taxonomy":"product_brand","embeddable":true,"href":"https:\/\/papermarket.be\/fr\/wp-json\/wp\/v2\/product_brand?post=1816"},{"taxonomy":"product_cat","embeddable":true,"href":"https:\/\/papermarket.be\/fr\/wp-json\/wp\/v2\/product_cat?post=1816"},{"taxonomy":"product_tag","embeddable":true,"href":"https:\/\/papermarket.be\/fr\/wp-json\/wp\/v2\/product_tag?post=1816"}],"curies":[{"name":"wp","href":"https:\/\/api.w.org\/{rel}","templated":true}]}}