{"id":1558,"date":"2020-08-13T13:03:48","date_gmt":"2020-09-30T08:22:59","guid":{"rendered":"http:\/\/papermarket.be\/?post_type=product&#038;p=1558"},"modified":"2022-04-17T07:44:38","modified_gmt":"2022-04-17T07:44:38","slug":"verifone-vx570-rouleaux-bancontact","status":"publish","type":"product","link":"https:\/\/papermarket.be\/fr\/produit\/verifone-vx570-rouleaux-bancontact\/","title":{"rendered":"Verifone VX570 rouleaux bancontact 57x47x12"},"content":{"rendered":"<p>Achetez des rouleaux Bancontact pour votre terminal de paiement Verifone vx570 pas cher en ligne. Vous pouvez facilement commander chez nous les rouleaux de papier pour votre terminaux aux meilleurs prix. Les rouleaux bancontact ont une longueur de 25 m\u00e8tres et sont trait\u00e9s par 50 rouleaux dans 1 bo\u00eete.<\/p>\n","protected":false},"excerpt":{"rendered":"<p>Rouleau bancontact pour terminaux Verifone vx570<\/p>\n<p>-Rouleaux thermique 57x47x12<br \/>\n-25 m\u00e8tre<br \/>\n-50 rouleaux par bo\u00eete<br \/>\n-Sans BPA<\/p>\n<p>Besoin de plus grandes quantit\u00e9s? Contactez nous!<\/p>\n","protected":false},"featured_media":1559,"comment_status":"closed","ping_status":"closed","template":"","meta":{"_acf_changed":false},"product_brand":[],"product_cat":[70],"product_tag":[],"class_list":{"0":"post-1558","1":"product","2":"type-product","3":"status-publish","4":"has-post-thumbnail","6":"product_cat-rouleaux-bancontact","8":"first","9":"instock","10":"taxable","11":"shipping-taxable","12":"purchasable","13":"product-type-simple"},"acf":[],"jetpack_sharing_enabled":true,"tiered_pricing_type":"fixed","tiered_pricing_fixed_rules":{"2":35,"5":31,"10":28.75,"15":26.5,"30":23.5},"tiered_pricing_product_settings":{"layout":"default","base_unit_name":{"singular":null,"plural":null},"default_variation":null},"tiered_pricing_minimum_quantity":null,"tiered_pricing_roles_data":[],"tiered_pricing_percentage_rules":[],"_links":{"self":[{"href":"https:\/\/papermarket.be\/fr\/wp-json\/wp\/v2\/product\/1558","targetHints":{"allow":["GET"]}}],"collection":[{"href":"https:\/\/papermarket.be\/fr\/wp-json\/wp\/v2\/product"}],"about":[{"href":"https:\/\/papermarket.be\/fr\/wp-json\/wp\/v2\/types\/product"}],"replies":[{"embeddable":true,"href":"https:\/\/papermarket.be\/fr\/wp-json\/wp\/v2\/comments?post=1558"}],"wp:featuredmedia":[{"embeddable":true,"href":"https:\/\/papermarket.be\/fr\/wp-json\/wp\/v2\/media\/1559"}],"wp:attachment":[{"href":"https:\/\/papermarket.be\/fr\/wp-json\/wp\/v2\/media?parent=1558"}],"wp:term":[{"taxonomy":"product_brand","embeddable":true,"href":"https:\/\/papermarket.be\/fr\/wp-json\/wp\/v2\/product_brand?post=1558"},{"taxonomy":"product_cat","embeddable":true,"href":"https:\/\/papermarket.be\/fr\/wp-json\/wp\/v2\/product_cat?post=1558"},{"taxonomy":"product_tag","embeddable":true,"href":"https:\/\/papermarket.be\/fr\/wp-json\/wp\/v2\/product_tag?post=1558"}],"curies":[{"name":"wp","href":"https:\/\/api.w.org\/{rel}","templated":true}]}}