{"id":1543,"date":"2020-08-13T13:03:49","date_gmt":"2020-09-30T07:41:47","guid":{"rendered":"http:\/\/papermarket.be\/?post_type=product&#038;p=1543"},"modified":"2022-04-17T07:30:29","modified_gmt":"2022-04-17T07:30:29","slug":"xentissimo-rouleaux-bancontact","status":"publish","type":"product","link":"https:\/\/papermarket.be\/fr\/produit\/xentissimo-rouleaux-bancontact\/","title":{"rendered":"Xentissimo rouleaux bancontact 57x30x8"},"content":{"rendered":"<p>Achetez des rouleaux Bancontact pour votre terminal de paiement Xentissimo pas cher en ligne. Vous pouvez facilement commander chez nous les rouleaux de papier pour votre Xentissim aux meilleurs prix. Les rouleaux bancontact ont une longueur de 10 m\u00e8tres et sont trait\u00e9s par 50 rouleaux dans 1 bo\u00eete.<\/p>\n","protected":false},"excerpt":{"rendered":"<p>Rouleau bancontact pour terminaux Xentissimo<\/p>\n<p>-Rouleaux thermique 57x30x8<br \/>\n-10 m\u00e8tre<br \/>\n-50 rouleaux par bo\u00eete<br \/>\n-Sans BPA<\/p>\n<p>Besoin de plus grandes quantit\u00e9s? Contactez nous!<\/p>\n","protected":false},"featured_media":1544,"comment_status":"closed","ping_status":"closed","template":"","meta":{"_acf_changed":false},"product_brand":[],"product_cat":[70],"product_tag":[],"class_list":{"0":"post-1543","1":"product","2":"type-product","3":"status-publish","4":"has-post-thumbnail","6":"product_cat-rouleaux-bancontact","8":"first","9":"instock","10":"taxable","11":"shipping-taxable","12":"purchasable","13":"product-type-simple"},"acf":[],"jetpack_sharing_enabled":true,"tiered_pricing_type":"fixed","tiered_pricing_fixed_rules":{"2":35,"5":31,"10":28.75,"15":26.5,"30":23.5},"tiered_pricing_product_settings":{"layout":"default","base_unit_name":{"singular":null,"plural":null},"default_variation":null},"tiered_pricing_minimum_quantity":null,"tiered_pricing_roles_data":[],"tiered_pricing_percentage_rules":[],"_links":{"self":[{"href":"https:\/\/papermarket.be\/fr\/wp-json\/wp\/v2\/product\/1543","targetHints":{"allow":["GET"]}}],"collection":[{"href":"https:\/\/papermarket.be\/fr\/wp-json\/wp\/v2\/product"}],"about":[{"href":"https:\/\/papermarket.be\/fr\/wp-json\/wp\/v2\/types\/product"}],"replies":[{"embeddable":true,"href":"https:\/\/papermarket.be\/fr\/wp-json\/wp\/v2\/comments?post=1543"}],"wp:featuredmedia":[{"embeddable":true,"href":"https:\/\/papermarket.be\/fr\/wp-json\/wp\/v2\/media\/1544"}],"wp:attachment":[{"href":"https:\/\/papermarket.be\/fr\/wp-json\/wp\/v2\/media?parent=1543"}],"wp:term":[{"taxonomy":"product_brand","embeddable":true,"href":"https:\/\/papermarket.be\/fr\/wp-json\/wp\/v2\/product_brand?post=1543"},{"taxonomy":"product_cat","embeddable":true,"href":"https:\/\/papermarket.be\/fr\/wp-json\/wp\/v2\/product_cat?post=1543"},{"taxonomy":"product_tag","embeddable":true,"href":"https:\/\/papermarket.be\/fr\/wp-json\/wp\/v2\/product_tag?post=1543"}],"curies":[{"name":"wp","href":"https:\/\/api.w.org\/{rel}","templated":true}]}}